{"id":9,"date":"2026-03-08T14:38:17","date_gmt":"2026-03-08T14:38:17","guid":{"rendered":"https:\/\/sauberundstern.de\/?page_id=9"},"modified":"2026-04-09T21:31:18","modified_gmt":"2026-04-09T21:31:18","slug":"unterhaltsreinigung","status":"publish","type":"page","link":"https:\/\/sauberundstern.de\/?page_id=9","title":{"rendered":"Unterhaltsreinigung"},"content":{"rendered":"\r\n<h3 class=\"wp-block-heading\">Die t\u00e4gliche Dosis Brillanz<\/h3>\r\n\r\n\r\n\r\n<p>Der Schl\u00fcssel zu einem dauerhaft gepflegten Erscheinungsbild ist Kontinuit\u00e4t. Unsere <strong>Unterhaltsreinigung<\/strong> ist der unsichtbare Motor im Hintergrund, der daf\u00fcr sorgt, dass Ihr Betrieb jeden Morgen aufs Neue wie ein kleiner <strong>Stern<\/strong> funkelt. In fest definierten Zeitabst\u00e4nden \u2013 ob t\u00e4glich oder w\u00f6chentlich \u2013 k\u00fcmmern wir uns um die regelm\u00e4\u00dfige Beseitigung von Staub, Schmutz und Gebrauchsspuren.<\/p>\r\n\r\n\r\n\r\n<p>Wir arbeiten diskret, zuverl\u00e4ssig und mit h\u00f6chster Pr\u00e4zision. Unser Team integriert sich nahtlos in Ihre Betriebsabl\u00e4ufe, sodass Sie und Ihre Mitarbeiter in einer stets <strong>sauber<\/strong>en Umgebung produktiv sein k\u00f6nnen. Mit <strong>Sauber und Stern<\/strong> entscheiden Sie sich f\u00fcr ein Frische-Versprechen, das niemals an <strong>Glanz<\/strong> verliert. Wir sorgen f\u00fcr die Details, damit Sie sich auf das Gro\u00dfe und Ganze konzentrieren k\u00f6nnen.<\/p>\r\n\r\n\r\n\r\n<p><strong>Leistungsumfang:<\/strong> Staubwischen, Bodenreinigung, M\u00fcllentsorgung, Reinigung von Sanit\u00e4rr\u00e4umen und K\u00fcchenbereichen.<\/p>\r\n","protected":false},"excerpt":{"rendered":"<p>Die t\u00e4gliche Dosis Brillanz Der Schl\u00fcssel zu einem dauerhaft gepflegten Erscheinungsbild ist Kontinuit\u00e4t. Unsere Unterhaltsreinigung ist der unsichtbare Motor im Hintergrund, der daf\u00fcr sorgt, dass Ihr Betrieb jeden Morgen aufs Neue wie ein kleiner Stern funkelt. In fest definierten Zeitabst\u00e4nden \u2013 ob t\u00e4glich oder w\u00f6chentlich \u2013 k\u00fcmmern wir uns um die regelm\u00e4\u00dfige Beseitigung von Staub, Schmutz und Gebrauchsspuren. Wir arbeiten diskret, zuverl\u00e4ssig und mit h\u00f6chster Pr\u00e4zision. Unser Team integriert sich nahtlos in Ihre Betriebsabl\u00e4ufe, sodass Sie und Ihre Mitarbeiter in einer stets sauberen Umgebung produktiv sein k\u00f6nnen. Mit Sauber und Stern entscheiden Sie sich f\u00fcr ein Frische-Versprechen, das niemals an Glanz verliert. Wir sorgen f\u00fcr die Details, damit Sie sich auf das Gro\u00dfe und Ganze konzentrieren k\u00f6nnen. Leistungsumfang: Staubwischen, Bodenreinigung, M\u00fcllentsorgung, Reinigung von Sanit\u00e4rr\u00e4umen und K\u00fcchenbereichen.<\/p>\n","protected":false},"author":1,"featured_media":162,"parent":0,"menu_order":0,"comment_status":"closed","ping_status":"closed","template":"","meta":{"dsgo_overlay_header":false,"dsgo_overlay_header_text_color":"","dsgo_overlay_skip_top_bar":false,"_designsetgo_exclude_llms":false,"footnotes":""},"class_list":["post-9","page","type-page","status-publish","has-post-thumbnail","hentry"],"_links":{"self":[{"href":"https:\/\/sauberundstern.de\/index.php?rest_route=\/wp\/v2\/pages\/9","targetHints":{"allow":["GET"]}}],"collection":[{"href":"https:\/\/sauberundstern.de\/index.php?rest_route=\/wp\/v2\/pages"}],"about":[{"href":"https:\/\/sauberundstern.de\/index.php?rest_route=\/wp\/v2\/types\/page"}],"author":[{"embeddable":true,"href":"https:\/\/sauberundstern.de\/index.php?rest_route=\/wp\/v2\/users\/1"}],"replies":[{"embeddable":true,"href":"https:\/\/sauberundstern.de\/index.php?rest_route=%2Fwp%2Fv2%2Fcomments&post=9"}],"version-history":[{"count":4,"href":"https:\/\/sauberundstern.de\/index.php?rest_route=\/wp\/v2\/pages\/9\/revisions"}],"predecessor-version":[{"id":59,"href":"https:\/\/sauberundstern.de\/index.php?rest_route=\/wp\/v2\/pages\/9\/revisions\/59"}],"wp:featuredmedia":[{"embeddable":true,"href":"https:\/\/sauberundstern.de\/index.php?rest_route=\/wp\/v2\/media\/162"}],"wp:attachment":[{"href":"https:\/\/sauberundstern.de\/index.php?rest_route=%2Fwp%2Fv2%2Fmedia&parent=9"}],"curies":[{"name":"wp","href":"https:\/\/api.w.org\/{rel}","templated":true}]}}