{"id":60,"date":"2026-03-08T17:11:31","date_gmt":"2026-03-08T17:11:31","guid":{"rendered":"https:\/\/sauberundstern.de\/?page_id=60"},"modified":"2026-04-09T21:20:55","modified_gmt":"2026-04-09T21:20:55","slug":"unternehmen","status":"publish","type":"page","link":"https:\/\/sauberundstern.de\/","title":{"rendered":"Unternehmen"},"content":{"rendered":"<h2>Willkommen bei Sauber und Stern \u2013 Ihr Partner f\u00fcr strahlende Ergebnisse<\/h2>\n<p>Hinter jedem gepflegten Geb\u00e4ude steht ein Team, das den Unterschied macht. Wir von der Sauber und Stern Geb\u00e4udereinigung eGbR sind mehr als nur ein Reinigungsdienstleister: Wir sind Ihre Experten f\u00fcr Werterhalt, Wohlbefinden und erstklassige \u00c4sthetik. Unser Name ist dabei unser t\u00e4glicher Auftrag.<\/p>\n<p>Sauberkeit ist f\u00fcr uns das Fundament, auf dem wir bauen. Doch wir geben uns mit \u201erein\u201c nicht zufrieden \u2013 wir streben nach dem perfekten Glanz, der Ihre R\u00e4umlichkeiten zum Strahlen bringt. Ob modernes B\u00fcro, hochsensible Arztpraxis oder weitl\u00e4ufige Au\u00dfenanlage: Wir behandeln jedes Objekt so individuell und sorgf\u00e4ltig, als w\u00e4re es unser eigenes.<\/p>\n<p>Warum wir der richtige Partner f\u00fcr Sie sind? Weil wir Zuverl\u00e4ssigkeit mit Leidenschaft verbinden. Als inhabergef\u00fchrte eGbR stehen wir f\u00fcr kurze Wege, pers\u00f6nliche Betreuung und h\u00f6chste Qualit\u00e4tsstandards. Wir sind der Stern am Reinigungshimmel, der daf\u00fcr sorgt, dass Sie sich in Ihrer Umgebung nicht nur wohlf\u00fchlen, sondern diese auch voller Stolz Ihren Kunden und G\u00e4sten pr\u00e4sentieren k\u00f6nnen.<\/p>\n<p>Lassen Sie uns gemeinsam f\u00fcr gl\u00e4nzende Aussichten sorgen. Sauber und Stern \u2013 Professionalit\u00e4t, die man sieht.<\/p>\n<p>Bildvorschlag f\u00fcr die Einleitung: Ein einladendes Teamfoto der Inhaber oder Mitarbeiter vor einem modernen Firmenfahrzeug mit dem Logo von &#8222;Sauber und Stern&#8220;, im Hintergrund ein gl\u00e4nzendes Glasgeb\u00e4ude.<\/p>\n<p>M\u00f6chten Sie, dass ich diese Einleitung noch spezifischer auf eine bestimmte Zielgruppe (z. B. Fokus auf Privatkunden oder eher Industrie\/Gewerbe) zuschneide?<\/p>\n","protected":false},"excerpt":{"rendered":"<p>Willkommen bei Sauber und Stern \u2013 Ihr Partner f\u00fcr strahlende Ergebnisse Hinter jedem gepflegten Geb\u00e4ude steht ein Team, das den Unterschied macht. Wir von der Sauber und Stern Geb\u00e4udereinigung eGbR sind mehr als nur ein Reinigungsdienstleister: Wir sind Ihre Experten f\u00fcr Werterhalt, Wohlbefinden und erstklassige \u00c4sthetik. Unser Name ist dabei unser t\u00e4glicher Auftrag. Sauberkeit ist f\u00fcr uns das Fundament, auf dem wir bauen. Doch wir geben uns mit \u201erein\u201c nicht zufrieden \u2013 wir streben nach dem perfekten Glanz, der Ihre R\u00e4umlichkeiten zum Strahlen bringt. Ob modernes B\u00fcro, hochsensible Arztpraxis oder weitl\u00e4ufige Au\u00dfenanlage: Wir behandeln jedes Objekt so individuell und sorgf\u00e4ltig, als w\u00e4re es unser eigenes. Warum wir der richtige Partner f\u00fcr Sie sind? Weil wir Zuverl\u00e4ssigkeit mit Leidenschaft verbinden. Als inhabergef\u00fchrte eGbR stehen wir f\u00fcr kurze Wege, pers\u00f6nliche Betreuung und h\u00f6chste Qualit\u00e4tsstandards. Wir sind der Stern am Reinigungshimmel, der daf\u00fcr sorgt, dass Sie sich in Ihrer Umgebung nicht nur wohlf\u00fchlen, sondern diese auch voller Stolz Ihren Kunden und G\u00e4sten pr\u00e4sentieren k\u00f6nnen. Lassen Sie uns gemeinsam f\u00fcr gl\u00e4nzende Aussichten sorgen. Sauber und Stern \u2013 Professionalit\u00e4t, die man sieht. Bildvorschlag f\u00fcr die Einleitung: Ein einladendes Teamfoto der Inhaber oder Mitarbeiter vor einem modernen Firmenfahrzeug mit dem Logo von &#8222;Sauber und Stern&#8220;, im Hintergrund ein gl\u00e4nzendes Glasgeb\u00e4ude. M\u00f6chten Sie, dass ich diese Einleitung noch spezifischer auf eine bestimmte Zielgruppe (z. B. Fokus auf Privatkunden oder eher Industrie\/Gewerbe) zuschneide?<\/p>\n","protected":false},"author":1,"featured_media":0,"parent":0,"menu_order":0,"comment_status":"closed","ping_status":"closed","template":"","meta":{"dsgo_overlay_header":false,"dsgo_overlay_header_text_color":"","dsgo_overlay_skip_top_bar":false,"_designsetgo_exclude_llms":false,"footnotes":""},"class_list":["post-60","page","type-page","status-publish","hentry"],"_links":{"self":[{"href":"https:\/\/sauberundstern.de\/index.php?rest_route=\/wp\/v2\/pages\/60","targetHints":{"allow":["GET"]}}],"collection":[{"href":"https:\/\/sauberundstern.de\/index.php?rest_route=\/wp\/v2\/pages"}],"about":[{"href":"https:\/\/sauberundstern.de\/index.php?rest_route=\/wp\/v2\/types\/page"}],"author":[{"embeddable":true,"href":"https:\/\/sauberundstern.de\/index.php?rest_route=\/wp\/v2\/users\/1"}],"replies":[{"embeddable":true,"href":"https:\/\/sauberundstern.de\/index.php?rest_route=%2Fwp%2Fv2%2Fcomments&post=60"}],"version-history":[{"count":2,"href":"https:\/\/sauberundstern.de\/index.php?rest_route=\/wp\/v2\/pages\/60\/revisions"}],"predecessor-version":[{"id":158,"href":"https:\/\/sauberundstern.de\/index.php?rest_route=\/wp\/v2\/pages\/60\/revisions\/158"}],"wp:attachment":[{"href":"https:\/\/sauberundstern.de\/index.php?rest_route=%2Fwp%2Fv2%2Fmedia&parent=60"}],"curies":[{"name":"wp","href":"https:\/\/api.w.org\/{rel}","templated":true}]}}