{"id":25,"date":"2026-03-08T14:40:40","date_gmt":"2026-03-08T14:40:40","guid":{"rendered":"https:\/\/sauberundstern.de\/?page_id=25"},"modified":"2026-03-08T21:51:06","modified_gmt":"2026-03-08T21:51:06","slug":"winterdienst","status":"publish","type":"page","link":"https:\/\/sauberundstern.de\/?page_id=25","title":{"rendered":"Winterdienst"},"content":{"rendered":"\n<p>Sicherheit, wenn es darauf ankommt<\/p>\n\n\n\n<p>Wenn die ersten Flocken fallen, sind wir bereits hellwach. Unser <strong>Winterdienst<\/strong> garantiert Sicherheit auf Ihren Wegen und Pl\u00e4tzen. Wir r\u00e4umen Schnee und streuen bei Gl\u00e4tte, damit Passanten und Fahrzeuge sicher ans Ziel kommen. P\u00fcnktlichkeit und Zuverl\u00e4ssigkeit sind hierbei unser h\u00f6chstes Gebot.<\/p>\n\n\n\n<p>Wir entlasten Sie von der R\u00e4um- und Streupflicht und sorgen daf\u00fcr, dass Ihr Grundst\u00fcck auch bei Eis und Schnee <strong>sauber<\/strong> begehbar bleibt. So kommen Sie entspannt durch die kalte Jahreszeit, w\u00e4hrend wir als Ihr verl\u00e4sslicher <strong>Stern<\/strong> im Wintereinsatz \u00fcber Ihre Sicherheit wachen.<\/p>\n\n\n\n<p><strong>Leistungsumfang:<\/strong> Schneer\u00e4umung von Gehwegen und Parkpl\u00e4tzen, Streuen mit Salz oder Splitt, Eisbeseitigung.<\/p>\n","protected":false},"excerpt":{"rendered":"<p>Sicherheit, wenn es darauf ankommt Wenn die ersten Flocken fallen, sind wir bereits hellwach. Unser Winterdienst garantiert Sicherheit auf Ihren Wegen und Pl\u00e4tzen. Wir r\u00e4umen Schnee und streuen bei Gl\u00e4tte, damit Passanten und Fahrzeuge sicher ans Ziel kommen. P\u00fcnktlichkeit und Zuverl\u00e4ssigkeit sind hierbei unser h\u00f6chstes Gebot. Wir entlasten Sie von der R\u00e4um- und Streupflicht und sorgen daf\u00fcr, dass Ihr Grundst\u00fcck auch bei Eis und Schnee sauber begehbar bleibt. So kommen Sie entspannt durch die kalte Jahreszeit, w\u00e4hrend wir als Ihr verl\u00e4sslicher Stern im Wintereinsatz \u00fcber Ihre Sicherheit wachen. Leistungsumfang: Schneer\u00e4umung von Gehwegen und Parkpl\u00e4tzen, Streuen mit Salz oder Splitt, Eisbeseitigung.<\/p>\n","protected":false},"author":1,"featured_media":0,"parent":0,"menu_order":0,"comment_status":"closed","ping_status":"closed","template":"","meta":{"dsgo_overlay_header":false,"dsgo_overlay_header_text_color":"","dsgo_overlay_skip_top_bar":false,"_designsetgo_exclude_llms":false,"footnotes":""},"class_list":["post-25","page","type-page","status-publish","hentry"],"_links":{"self":[{"href":"https:\/\/sauberundstern.de\/index.php?rest_route=\/wp\/v2\/pages\/25","targetHints":{"allow":["GET"]}}],"collection":[{"href":"https:\/\/sauberundstern.de\/index.php?rest_route=\/wp\/v2\/pages"}],"about":[{"href":"https:\/\/sauberundstern.de\/index.php?rest_route=\/wp\/v2\/types\/page"}],"author":[{"embeddable":true,"href":"https:\/\/sauberundstern.de\/index.php?rest_route=\/wp\/v2\/users\/1"}],"replies":[{"embeddable":true,"href":"https:\/\/sauberundstern.de\/index.php?rest_route=%2Fwp%2Fv2%2Fcomments&post=25"}],"version-history":[{"count":2,"href":"https:\/\/sauberundstern.de\/index.php?rest_route=\/wp\/v2\/pages\/25\/revisions"}],"predecessor-version":[{"id":87,"href":"https:\/\/sauberundstern.de\/index.php?rest_route=\/wp\/v2\/pages\/25\/revisions\/87"}],"wp:attachment":[{"href":"https:\/\/sauberundstern.de\/index.php?rest_route=%2Fwp%2Fv2%2Fmedia&parent=25"}],"curies":[{"name":"wp","href":"https:\/\/api.w.org\/{rel}","templated":true}]}}