{"id":23,"date":"2026-03-08T14:40:23","date_gmt":"2026-03-08T14:40:23","guid":{"rendered":"https:\/\/sauberundstern.de\/?page_id=23"},"modified":"2026-03-08T16:03:39","modified_gmt":"2026-03-08T16:03:39","slug":"hausmeisterservice-gartenpflege","status":"publish","type":"page","link":"https:\/\/sauberundstern.de\/?page_id=23","title":{"rendered":"Hausmeisterservice &amp; Gartenpflege"},"content":{"rendered":"\n<p>Alles im gr\u00fcnen Bereich<\/p>\n\n\n\n<p>Ein gepflegtes Objekt endet nicht an der Haust\u00fcr. Unser <strong>Hausmeisterservice<\/strong> und die <strong>Gartenpflege<\/strong> sorgen daf\u00fcr, dass Ihre gesamte Anlage einen harmonischen Eindruck hinterl\u00e4sst. Wir kontrollieren die Haustechnik, f\u00fchren kleine Reparaturen durch und halten die Au\u00dfenanlagen <strong>sauber<\/strong>.<\/p>\n\n\n\n<p>In der Gartenpflege bringen wir den gr\u00fcnen <strong>Glanz<\/strong> zur\u00fcck: Wir m\u00e4hen den Rasen, schneiden Hecken und pflegen Ihre Beete mit Leidenschaft. Ein gepflegter Au\u00dfenbereich ist der Rahmen, der Ihr Geb\u00e4ude wie einen kostbaren <strong>Stern<\/strong> einfasst. Wir sorgen daf\u00fcr, dass sich Bewohner und Besucher schon beim Betreten des Grundst\u00fccks wohlf\u00fchlen.<\/p>\n\n\n\n<ul class=\"wp-block-list\">\n<li><strong>Leistungsumfang:<\/strong> M\u00fclltonnenservice, Leuchtmittelwechsel, Rasenm\u00e4hen, Unkrautentfernung, Heckenschnitt.<\/li>\n<\/ul>\n","protected":false},"excerpt":{"rendered":"<p>Alles im gr\u00fcnen Bereich Ein gepflegtes Objekt endet nicht an der Haust\u00fcr. Unser Hausmeisterservice und die Gartenpflege sorgen daf\u00fcr, dass Ihre gesamte Anlage einen harmonischen Eindruck hinterl\u00e4sst. Wir kontrollieren die Haustechnik, f\u00fchren kleine Reparaturen durch und halten die Au\u00dfenanlagen sauber. In der Gartenpflege bringen wir den gr\u00fcnen Glanz zur\u00fcck: Wir m\u00e4hen den Rasen, schneiden Hecken und pflegen Ihre Beete mit Leidenschaft. Ein gepflegter Au\u00dfenbereich ist der Rahmen, der Ihr Geb\u00e4ude wie einen kostbaren Stern einfasst. Wir sorgen daf\u00fcr, dass sich Bewohner und Besucher schon beim Betreten des Grundst\u00fccks wohlf\u00fchlen.<\/p>\n","protected":false},"author":1,"featured_media":0,"parent":0,"menu_order":0,"comment_status":"closed","ping_status":"closed","template":"","meta":{"dsgo_overlay_header":false,"dsgo_overlay_header_text_color":"","dsgo_overlay_skip_top_bar":false,"_designsetgo_exclude_llms":false,"footnotes":""},"class_list":["post-23","page","type-page","status-publish","hentry"],"_links":{"self":[{"href":"https:\/\/sauberundstern.de\/index.php?rest_route=\/wp\/v2\/pages\/23","targetHints":{"allow":["GET"]}}],"collection":[{"href":"https:\/\/sauberundstern.de\/index.php?rest_route=\/wp\/v2\/pages"}],"about":[{"href":"https:\/\/sauberundstern.de\/index.php?rest_route=\/wp\/v2\/types\/page"}],"author":[{"embeddable":true,"href":"https:\/\/sauberundstern.de\/index.php?rest_route=\/wp\/v2\/users\/1"}],"replies":[{"embeddable":true,"href":"https:\/\/sauberundstern.de\/index.php?rest_route=%2Fwp%2Fv2%2Fcomments&post=23"}],"version-history":[{"count":3,"href":"https:\/\/sauberundstern.de\/index.php?rest_route=\/wp\/v2\/pages\/23\/revisions"}],"predecessor-version":[{"id":127,"href":"https:\/\/sauberundstern.de\/index.php?rest_route=\/wp\/v2\/pages\/23\/revisions\/127"}],"wp:attachment":[{"href":"https:\/\/sauberundstern.de\/index.php?rest_route=%2Fwp%2Fv2%2Fmedia&parent=23"}],"curies":[{"name":"wp","href":"https:\/\/api.w.org\/{rel}","templated":true}]}}