{"id":21,"date":"2026-03-08T14:40:01","date_gmt":"2026-03-08T14:40:01","guid":{"rendered":"https:\/\/sauberundstern.de\/?page_id=21"},"modified":"2026-03-08T16:04:33","modified_gmt":"2026-03-08T16:04:33","slug":"sonderreinigungen","status":"publish","type":"page","link":"https:\/\/sauberundstern.de\/?page_id=21","title":{"rendered":"Sonderreinigungen"},"content":{"rendered":"\n<p>F\u00fcr die ganz besonderen H\u00e4rtef\u00e4lle<\/p>\n\n\n\n<p>Es gibt Aufgaben, die \u00fcber den Standard hinausgehen. Unsere <strong>Sonderreinigungen<\/strong> sind die Spezialeffekte in unserem Portfolio. Ob die Tiefenreinigung von Teppichen, das Befreien von Solaranlagen von Leistungsminderndem Staub oder die Reinigung nach Bauarbeiten \u2013 wir haben f\u00fcr jedes Problem die passende L\u00f6sung.<\/p>\n\n\n\n<p>Mit Fachwissen und Spezialger\u00e4t r\u00fccken wir Verschmutzungen zu Leibe, bei denen andere aufgeben. Wir bringen den <strong>Glanz<\/strong> auch an Orte, die unzug\u00e4nglich scheinen, und sorgen daf\u00fcr, dass alles wieder <strong>sauber<\/strong> und funktionsf\u00e4hig ist. Jede Sonderaufgabe ist f\u00fcr uns die Chance, als Ihr Service-<strong>Stern<\/strong> zu gl\u00e4nzen.<\/p>\n\n\n\n<ul class=\"wp-block-list\">\n<li><strong>Leistungsumfang:<\/strong> Teppich- und Polsterreinigung, Photovoltaikreinigung, Baureinigung, Graffiti-Entfernung.<\/li>\n<\/ul>\n","protected":false},"excerpt":{"rendered":"<p>F\u00fcr die ganz besonderen H\u00e4rtef\u00e4lle Es gibt Aufgaben, die \u00fcber den Standard hinausgehen. Unsere Sonderreinigungen sind die Spezialeffekte in unserem Portfolio. Ob die Tiefenreinigung von Teppichen, das Befreien von Solaranlagen von Leistungsminderndem Staub oder die Reinigung nach Bauarbeiten \u2013 wir haben f\u00fcr jedes Problem die passende L\u00f6sung. Mit Fachwissen und Spezialger\u00e4t r\u00fccken wir Verschmutzungen zu Leibe, bei denen andere aufgeben. Wir bringen den Glanz auch an Orte, die unzug\u00e4nglich scheinen, und sorgen daf\u00fcr, dass alles wieder sauber und funktionsf\u00e4hig ist. Jede Sonderaufgabe ist f\u00fcr uns die Chance, als Ihr Service-Stern zu gl\u00e4nzen.<\/p>\n","protected":false},"author":1,"featured_media":0,"parent":0,"menu_order":0,"comment_status":"closed","ping_status":"closed","template":"","meta":{"dsgo_overlay_header":false,"dsgo_overlay_header_text_color":"","dsgo_overlay_skip_top_bar":false,"_designsetgo_exclude_llms":false,"footnotes":""},"class_list":["post-21","page","type-page","status-publish","hentry"],"_links":{"self":[{"href":"https:\/\/sauberundstern.de\/index.php?rest_route=\/wp\/v2\/pages\/21","targetHints":{"allow":["GET"]}}],"collection":[{"href":"https:\/\/sauberundstern.de\/index.php?rest_route=\/wp\/v2\/pages"}],"about":[{"href":"https:\/\/sauberundstern.de\/index.php?rest_route=\/wp\/v2\/types\/page"}],"author":[{"embeddable":true,"href":"https:\/\/sauberundstern.de\/index.php?rest_route=\/wp\/v2\/users\/1"}],"replies":[{"embeddable":true,"href":"https:\/\/sauberundstern.de\/index.php?rest_route=%2Fwp%2Fv2%2Fcomments&post=21"}],"version-history":[{"count":2,"href":"https:\/\/sauberundstern.de\/index.php?rest_route=\/wp\/v2\/pages\/21\/revisions"}],"predecessor-version":[{"id":42,"href":"https:\/\/sauberundstern.de\/index.php?rest_route=\/wp\/v2\/pages\/21\/revisions\/42"}],"wp:attachment":[{"href":"https:\/\/sauberundstern.de\/index.php?rest_route=%2Fwp%2Fv2%2Fmedia&parent=21"}],"curies":[{"name":"wp","href":"https:\/\/api.w.org\/{rel}","templated":true}]}}