{"id":204,"date":"2026-04-09T22:34:30","date_gmt":"2026-04-09T22:34:30","guid":{"rendered":"https:\/\/sauberundstern.de\/?page_id=204"},"modified":"2026-04-09T22:34:30","modified_gmt":"2026-04-09T22:34:30","slug":"glaenzende-ergebnisse-in-der-kueche","status":"publish","type":"page","link":"https:\/\/sauberundstern.de\/?page_id=204","title":{"rendered":"&#8222;Gl\u00e4nzende Ergebnisse in der K\u00fcche&#8220;"},"content":{"rendered":"<p>\u201eIn der Gastronomie ist Sauberkeit die h\u00e4rteste W\u00e4hrung. Sauber und Stern hat unsere Gro\u00dfk\u00fcche in einen Zustand versetzt, der selbst den strengsten Kontrolleur zum L\u00e4cheln bringt. Fettl\u00f6se-Arbeiten und Bodenreinigung sind top \u2013 hier wird wirklich mit Glanz gearbeitet. Ein echter Stern am Reinigungshimmel!\u201c<\/p>\n<p>\u2014 Christian W., K\u00fcchenchef &amp; Inhaber<\/p>\n","protected":false},"excerpt":{"rendered":"<p>\u201eIn der Gastronomie ist Sauberkeit die h\u00e4rteste W\u00e4hrung. Sauber und Stern hat unsere Gro\u00dfk\u00fcche in einen Zustand versetzt, der selbst den strengsten Kontrolleur zum L\u00e4cheln bringt. Fettl\u00f6se-Arbeiten und Bodenreinigung sind top \u2013 hier wird wirklich mit Glanz gearbeitet. Ein echter Stern am Reinigungshimmel!\u201c \u2014 Christian W., K\u00fcchenchef &amp; Inhaber<\/p>\n","protected":false},"author":1,"featured_media":0,"parent":0,"menu_order":0,"comment_status":"closed","ping_status":"closed","template":"","meta":{"dsgo_overlay_header":false,"dsgo_overlay_header_text_color":"","dsgo_overlay_skip_top_bar":false,"_designsetgo_exclude_llms":false,"footnotes":""},"class_list":["post-204","page","type-page","status-publish","hentry"],"_links":{"self":[{"href":"https:\/\/sauberundstern.de\/index.php?rest_route=\/wp\/v2\/pages\/204","targetHints":{"allow":["GET"]}}],"collection":[{"href":"https:\/\/sauberundstern.de\/index.php?rest_route=\/wp\/v2\/pages"}],"about":[{"href":"https:\/\/sauberundstern.de\/index.php?rest_route=\/wp\/v2\/types\/page"}],"author":[{"embeddable":true,"href":"https:\/\/sauberundstern.de\/index.php?rest_route=\/wp\/v2\/users\/1"}],"replies":[{"embeddable":true,"href":"https:\/\/sauberundstern.de\/index.php?rest_route=%2Fwp%2Fv2%2Fcomments&post=204"}],"version-history":[{"count":1,"href":"https:\/\/sauberundstern.de\/index.php?rest_route=\/wp\/v2\/pages\/204\/revisions"}],"predecessor-version":[{"id":206,"href":"https:\/\/sauberundstern.de\/index.php?rest_route=\/wp\/v2\/pages\/204\/revisions\/206"}],"wp:attachment":[{"href":"https:\/\/sauberundstern.de\/index.php?rest_route=%2Fwp%2Fv2%2Fmedia&parent=204"}],"curies":[{"name":"wp","href":"https:\/\/api.w.org\/{rel}","templated":true}]}}