{"id":201,"date":"2026-04-09T22:33:54","date_gmt":"2026-04-09T22:33:54","guid":{"rendered":"https:\/\/sauberundstern.de\/?page_id=201"},"modified":"2026-04-09T22:33:54","modified_gmt":"2026-04-09T22:33:54","slug":"hygiene-auf-hoechstem-niveau","status":"publish","type":"page","link":"https:\/\/sauberundstern.de\/?page_id=201","title":{"rendered":"&#8222;Hygiene auf h\u00f6chstem Niveau&#8220;"},"content":{"rendered":"<p>\u201eIn meiner Zahnarztpraxis ist absolute Reinheit \u00fcberlebenswichtig. Das Team von Sauber und Stern arbeitet extrem gewissenhaft und h\u00e4lt alle Hygienevorgaben strikt ein. Die R\u00e4ume sind nicht nur optisch sauber, sondern klinisch rein. F\u00fcr diese 5-Sterne-Leistung vergeben wir gerne die Bestnote!\u201c<\/p>\n<p>\u2014 Dr. med. dent. Elena S., Praxisinhaberin<\/p>\n","protected":false},"excerpt":{"rendered":"<p>\u201eIn meiner Zahnarztpraxis ist absolute Reinheit \u00fcberlebenswichtig. Das Team von Sauber und Stern arbeitet extrem gewissenhaft und h\u00e4lt alle Hygienevorgaben strikt ein. Die R\u00e4ume sind nicht nur optisch sauber, sondern klinisch rein. F\u00fcr diese 5-Sterne-Leistung vergeben wir gerne die Bestnote!\u201c \u2014 Dr. med. dent. Elena S., Praxisinhaberin<\/p>\n","protected":false},"author":1,"featured_media":0,"parent":0,"menu_order":0,"comment_status":"closed","ping_status":"closed","template":"","meta":{"dsgo_overlay_header":false,"dsgo_overlay_header_text_color":"","dsgo_overlay_skip_top_bar":false,"_designsetgo_exclude_llms":false,"footnotes":""},"class_list":["post-201","page","type-page","status-publish","hentry"],"_links":{"self":[{"href":"https:\/\/sauberundstern.de\/index.php?rest_route=\/wp\/v2\/pages\/201","targetHints":{"allow":["GET"]}}],"collection":[{"href":"https:\/\/sauberundstern.de\/index.php?rest_route=\/wp\/v2\/pages"}],"about":[{"href":"https:\/\/sauberundstern.de\/index.php?rest_route=\/wp\/v2\/types\/page"}],"author":[{"embeddable":true,"href":"https:\/\/sauberundstern.de\/index.php?rest_route=\/wp\/v2\/users\/1"}],"replies":[{"embeddable":true,"href":"https:\/\/sauberundstern.de\/index.php?rest_route=%2Fwp%2Fv2%2Fcomments&post=201"}],"version-history":[{"count":1,"href":"https:\/\/sauberundstern.de\/index.php?rest_route=\/wp\/v2\/pages\/201\/revisions"}],"predecessor-version":[{"id":203,"href":"https:\/\/sauberundstern.de\/index.php?rest_route=\/wp\/v2\/pages\/201\/revisions\/203"}],"wp:attachment":[{"href":"https:\/\/sauberundstern.de\/index.php?rest_route=%2Fwp%2Fv2%2Fmedia&parent=201"}],"curies":[{"name":"wp","href":"https:\/\/api.w.org\/{rel}","templated":true}]}}