{"id":17,"date":"2026-03-08T14:39:24","date_gmt":"2026-03-08T14:39:24","guid":{"rendered":"https:\/\/sauberundstern.de\/?page_id=17"},"modified":"2026-03-08T14:39:24","modified_gmt":"2026-03-08T14:39:24","slug":"treppenhausreinigung","status":"publish","type":"page","link":"https:\/\/sauberundstern.de\/?page_id=17","title":{"rendered":"Treppenhausreinigung"},"content":{"rendered":"\n<p>Das Treppenhaus ist oft der erste Eindruck eines Geb\u00e4udes. Mit unserer <strong>Treppenhausreinigung<\/strong> stellen wir sicher, dass dieser Eindruck immer positiv ist. Wir reinigen nicht nur die Treppenstufen, sondern auch Handl\u00e4ufe, Gel\u00e4nder, Eingangst\u00fcren, Briefk\u00e4sten und Fu\u00dfmatten. Ein gepflegtes Treppenhaus tr\u00e4gt ma\u00dfgeblich zum Wohlbefinden der Bewohner oder Nutzer bei.<\/p>\n","protected":false},"excerpt":{"rendered":"<p>Das Treppenhaus ist oft der erste Eindruck eines Geb\u00e4udes. Mit unserer Treppenhausreinigung stellen wir sicher, dass dieser Eindruck immer positiv ist. Wir reinigen nicht nur die Treppenstufen, sondern auch Handl\u00e4ufe, Gel\u00e4nder, Eingangst\u00fcren, Briefk\u00e4sten und Fu\u00dfmatten. Ein gepflegtes Treppenhaus tr\u00e4gt ma\u00dfgeblich zum Wohlbefinden der Bewohner oder Nutzer bei.<\/p>\n","protected":false},"author":1,"featured_media":0,"parent":0,"menu_order":0,"comment_status":"closed","ping_status":"closed","template":"","meta":{"dsgo_overlay_header":false,"dsgo_overlay_header_text_color":"","dsgo_overlay_skip_top_bar":false,"_designsetgo_exclude_llms":false,"footnotes":""},"class_list":["post-17","page","type-page","status-publish","hentry"],"_links":{"self":[{"href":"https:\/\/sauberundstern.de\/index.php?rest_route=\/wp\/v2\/pages\/17","targetHints":{"allow":["GET"]}}],"collection":[{"href":"https:\/\/sauberundstern.de\/index.php?rest_route=\/wp\/v2\/pages"}],"about":[{"href":"https:\/\/sauberundstern.de\/index.php?rest_route=\/wp\/v2\/types\/page"}],"author":[{"embeddable":true,"href":"https:\/\/sauberundstern.de\/index.php?rest_route=\/wp\/v2\/users\/1"}],"replies":[{"embeddable":true,"href":"https:\/\/sauberundstern.de\/index.php?rest_route=%2Fwp%2Fv2%2Fcomments&post=17"}],"version-history":[{"count":1,"href":"https:\/\/sauberundstern.de\/index.php?rest_route=\/wp\/v2\/pages\/17\/revisions"}],"predecessor-version":[{"id":18,"href":"https:\/\/sauberundstern.de\/index.php?rest_route=\/wp\/v2\/pages\/17\/revisions\/18"}],"wp:attachment":[{"href":"https:\/\/sauberundstern.de\/index.php?rest_route=%2Fwp%2Fv2%2Fmedia&parent=17"}],"curies":[{"name":"wp","href":"https:\/\/api.w.org\/{rel}","templated":true}]}}