{"id":15,"date":"2026-03-08T14:39:09","date_gmt":"2026-03-08T14:39:09","guid":{"rendered":"https:\/\/sauberundstern.de\/?page_id=15"},"modified":"2026-04-09T22:58:20","modified_gmt":"2026-04-09T22:58:20","slug":"glasreinigung","status":"publish","type":"page","link":"https:\/\/sauberundstern.de\/?page_id=15","title":{"rendered":"Glas- und Fensterreinigung"},"content":{"rendered":"\r\n\r\n\r\n<h2><a href=\"https:\/\/sauberundstern.de\/wp-content\/uploads\/2026\/03\/windowcleaning1.png\"><img fetchpriority=\"high\" decoding=\"async\" class=\"alignright size-medium wp-image-96\" src=\"https:\/\/sauberundstern.de\/wp-content\/uploads\/2026\/03\/windowcleaning1-300x193.png\" alt=\"\" width=\"300\" height=\"193\" srcset=\"https:\/\/sauberundstern.de\/wp-content\/uploads\/2026\/03\/windowcleaning1-300x193.png 300w, https:\/\/sauberundstern.de\/wp-content\/uploads\/2026\/03\/windowcleaning1-1024x657.png 1024w, https:\/\/sauberundstern.de\/wp-content\/uploads\/2026\/03\/windowcleaning1-768x493.png 768w, https:\/\/sauberundstern.de\/wp-content\/uploads\/2026\/03\/windowcleaning1-1536x986.png 1536w, https:\/\/sauberundstern.de\/wp-content\/uploads\/2026\/03\/windowcleaning1.png 1920w\" sizes=\"(max-width: 300px) 100vw, 300px\" \/><\/a>Klare Sicht, gl\u00e4nzende Aussichten<\/h2>\r\n<p>Streifenfreie Fenster sind die Augen Ihres Geb\u00e4udes. Unsere professionelle <strong>Glasreinigung<\/strong> sorgt f\u00fcr maximalen Lichteinfall und einen klaren Durchblick. Ob Schaufenster, Winterg\u00e4rten oder schwer zug\u00e4ngliche Glasfassaden \u2013 wir bringen den <strong>Glanz<\/strong> zur\u00fcck an jede Scheibe. Dabei reinigen wir bei <strong>Sauber und Stern<\/strong> nicht nur das Glas, sondern k\u00fcmmern uns mit gleicher Intensit\u00e4t um Rahmen, Falze und Simse.<\/p>\r\n\r\n\r\n\r\n<p>Mit modernster Technik und schwindelfreien Experten meistern wir jede H\u00f6he. Eine <strong>sauber<\/strong>e Glasfassade ist nicht nur \u00e4sthetisch ansprechend, sondern sch\u00fctzt das Material auch vor Korrosion durch Umwelteinfl\u00fcsse. Lassen Sie die Sonne ungehindert in Ihre R\u00e4ume und genie\u00dfen Sie den Anblick eines <strong>Stern<\/strong>-sauberen Ausblicks.<\/p>\r\n\r\n\r\n\r\n<ul class=\"wp-block-list\">\r\n<li><strong>Leistungsumfang:<\/strong> Fensterreinigung mit und ohne Rahmen, Glasfassaden, Trennw\u00e4nde, Reinigung von Jalousien und Lamellen.<\/li>\r\n<\/ul>\r\n","protected":false},"excerpt":{"rendered":"<p>Klare Sicht, gl\u00e4nzende Aussichten Streifenfreie Fenster sind die Augen Ihres Geb\u00e4udes. Unsere professionelle Glasreinigung sorgt f\u00fcr maximalen Lichteinfall und einen klaren Durchblick. Ob Schaufenster, Winterg\u00e4rten oder schwer zug\u00e4ngliche Glasfassaden \u2013 wir bringen den Glanz zur\u00fcck an jede Scheibe. Dabei reinigen wir bei Sauber und Stern nicht nur das Glas, sondern k\u00fcmmern uns mit gleicher Intensit\u00e4t um Rahmen, Falze und Simse. Mit modernster Technik und schwindelfreien Experten meistern wir jede H\u00f6he. Eine saubere Glasfassade ist nicht nur \u00e4sthetisch ansprechend, sondern sch\u00fctzt das Material auch vor Korrosion durch Umwelteinfl\u00fcsse. Lassen Sie die Sonne ungehindert in Ihre R\u00e4ume und genie\u00dfen Sie den Anblick eines Stern-sauberen Ausblicks.<\/p>\n","protected":false},"author":1,"featured_media":94,"parent":0,"menu_order":0,"comment_status":"closed","ping_status":"closed","template":"elementor_header_footer","meta":{"dsgo_overlay_header":false,"dsgo_overlay_header_text_color":"","dsgo_overlay_skip_top_bar":false,"_designsetgo_exclude_llms":false,"footnotes":""},"class_list":["post-15","page","type-page","status-publish","has-post-thumbnail","hentry"],"_links":{"self":[{"href":"https:\/\/sauberundstern.de\/index.php?rest_route=\/wp\/v2\/pages\/15","targetHints":{"allow":["GET"]}}],"collection":[{"href":"https:\/\/sauberundstern.de\/index.php?rest_route=\/wp\/v2\/pages"}],"about":[{"href":"https:\/\/sauberundstern.de\/index.php?rest_route=\/wp\/v2\/types\/page"}],"author":[{"embeddable":true,"href":"https:\/\/sauberundstern.de\/index.php?rest_route=\/wp\/v2\/users\/1"}],"replies":[{"embeddable":true,"href":"https:\/\/sauberundstern.de\/index.php?rest_route=%2Fwp%2Fv2%2Fcomments&post=15"}],"version-history":[{"count":10,"href":"https:\/\/sauberundstern.de\/index.php?rest_route=\/wp\/v2\/pages\/15\/revisions"}],"predecessor-version":[{"id":219,"href":"https:\/\/sauberundstern.de\/index.php?rest_route=\/wp\/v2\/pages\/15\/revisions\/219"}],"wp:featuredmedia":[{"embeddable":true,"href":"https:\/\/sauberundstern.de\/index.php?rest_route=\/wp\/v2\/media\/94"}],"wp:attachment":[{"href":"https:\/\/sauberundstern.de\/index.php?rest_route=%2Fwp%2Fv2%2Fmedia&parent=15"}],"curies":[{"name":"wp","href":"https:\/\/api.w.org\/{rel}","templated":true}]}}