{"id":13,"date":"2026-03-08T14:38:53","date_gmt":"2026-03-08T14:38:53","guid":{"rendered":"https:\/\/sauberundstern.de\/?page_id=13"},"modified":"2026-03-13T20:53:01","modified_gmt":"2026-03-13T20:53:01","slug":"grundreinigung","status":"publish","type":"page","link":"https:\/\/sauberundstern.de\/?page_id=13","title":{"rendered":"Grundreinigung"},"content":{"rendered":"\r\n<h2 class=\"has-content-heading-font-size\"><a href=\"https:\/\/sauberundstern.de\/wp-content\/uploads\/2026\/03\/grundreinigung-boden.jpeg\"><img fetchpriority=\"high\" decoding=\"async\" class=\"alignright size-medium wp-image-95\" src=\"https:\/\/sauberundstern.de\/wp-content\/uploads\/2026\/03\/grundreinigung-boden-300x200.jpeg\" alt=\"\" width=\"300\" height=\"200\" srcset=\"https:\/\/sauberundstern.de\/wp-content\/uploads\/2026\/03\/grundreinigung-boden-300x200.jpeg 300w, https:\/\/sauberundstern.de\/wp-content\/uploads\/2026\/03\/grundreinigung-boden-1024x683.jpeg 1024w, https:\/\/sauberundstern.de\/wp-content\/uploads\/2026\/03\/grundreinigung-boden-768x512.jpeg 768w, https:\/\/sauberundstern.de\/wp-content\/uploads\/2026\/03\/grundreinigung-boden.jpeg 1536w\" sizes=\"(max-width: 300px) 100vw, 300px\" \/><\/a>Der radikale Neustart f\u00fcr Ihr Objekt<\/h2>\r\n\r\n\r\n\r\n<p class=\"has-tiny-font-size\">Manchmal reicht die t\u00e4gliche Pflege nicht aus \u2013 hartn\u00e4ckige Verschmutzungen oder abgenutzte Pflegefilme erfordern einen Profi-Einsatz. Unsere <strong>Grundreinigung<\/strong> ist der &#8222;Reset-Knopf&#8220; f\u00fcr Ihre B\u00f6den und Oberfl\u00e4chen. Wir entfernen alte Beschichtungen, Kalkablagerungen und tiefsitzenden Schmutz, um die urspr\u00fcngliche \u00c4sthetik Ihrer Materialien wieder zum Vorschein zu bringen.<\/p>\r\n\r\n\r\n\r\n<p class=\"has-extra-small-font-size\">Nach einer intensiven Grundreinigung durch <strong>Sauber und Stern<\/strong> wirken selbst \u00e4ltere Bodenbel\u00e4ge wieder wie neu und strahlen in frischem <strong>Glanz<\/strong>. Wir versiegeln Oberfl\u00e4chen neu, um sie vor zuk\u00fcnftigen Belastungen zu sch\u00fctzen. Diese Intensivkur macht Ihr Geb\u00e4ude wieder <strong>sauber<\/strong> bis in die letzte Pore und l\u00e4sst es wie einen neu geborenen <strong>Stern<\/strong> leuchten.<\/p>\r\n\r\n\r\n\r\n<ul class=\"wp-block-list\">\r\n<li class=\"has-tiny-font-size\"><strong>Leistungsumfang:<\/strong> Maschinelle Bodenreinigung, Entschichtung und Neuversiegelung, Reinigung von Heizk\u00f6rpern, T\u00fcren und Zargen.<\/li>\r\n<\/ul>\r\n","protected":false},"excerpt":{"rendered":"<p>Der radikale Neustart f\u00fcr Ihr Objekt Manchmal reicht die t\u00e4gliche Pflege nicht aus \u2013 hartn\u00e4ckige Verschmutzungen oder abgenutzte Pflegefilme erfordern einen Profi-Einsatz. Unsere Grundreinigung ist der &#8222;Reset-Knopf&#8220; f\u00fcr Ihre B\u00f6den und Oberfl\u00e4chen. Wir entfernen alte Beschichtungen, Kalkablagerungen und tiefsitzenden Schmutz, um die urspr\u00fcngliche \u00c4sthetik Ihrer Materialien wieder zum Vorschein zu bringen. Nach einer intensiven Grundreinigung durch Sauber und Stern wirken selbst \u00e4ltere Bodenbel\u00e4ge wieder wie neu und strahlen in frischem Glanz. Wir versiegeln Oberfl\u00e4chen neu, um sie vor zuk\u00fcnftigen Belastungen zu sch\u00fctzen. Diese Intensivkur macht Ihr Geb\u00e4ude wieder sauber bis in die letzte Pore und l\u00e4sst es wie einen neu geborenen Stern leuchten.<\/p>\n","protected":false},"author":1,"featured_media":0,"parent":0,"menu_order":0,"comment_status":"closed","ping_status":"closed","template":"elementor_header_footer","meta":{"dsgo_overlay_header":false,"dsgo_overlay_header_text_color":"","dsgo_overlay_skip_top_bar":false,"_designsetgo_exclude_llms":false,"footnotes":""},"class_list":["post-13","page","type-page","status-publish","hentry"],"_links":{"self":[{"href":"https:\/\/sauberundstern.de\/index.php?rest_route=\/wp\/v2\/pages\/13","targetHints":{"allow":["GET"]}}],"collection":[{"href":"https:\/\/sauberundstern.de\/index.php?rest_route=\/wp\/v2\/pages"}],"about":[{"href":"https:\/\/sauberundstern.de\/index.php?rest_route=\/wp\/v2\/types\/page"}],"author":[{"embeddable":true,"href":"https:\/\/sauberundstern.de\/index.php?rest_route=\/wp\/v2\/users\/1"}],"replies":[{"embeddable":true,"href":"https:\/\/sauberundstern.de\/index.php?rest_route=%2Fwp%2Fv2%2Fcomments&post=13"}],"version-history":[{"count":8,"href":"https:\/\/sauberundstern.de\/index.php?rest_route=\/wp\/v2\/pages\/13\/revisions"}],"predecessor-version":[{"id":104,"href":"https:\/\/sauberundstern.de\/index.php?rest_route=\/wp\/v2\/pages\/13\/revisions\/104"}],"wp:attachment":[{"href":"https:\/\/sauberundstern.de\/index.php?rest_route=%2Fwp%2Fv2%2Fmedia&parent=13"}],"curies":[{"name":"wp","href":"https:\/\/api.w.org\/{rel}","templated":true}]}}