{"id":11,"date":"2026-03-08T14:38:37","date_gmt":"2026-03-08T14:38:37","guid":{"rendered":"https:\/\/sauberundstern.de\/?page_id=11"},"modified":"2026-03-08T14:49:23","modified_gmt":"2026-03-08T14:49:23","slug":"bueroreinigung","status":"publish","type":"page","link":"https:\/\/sauberundstern.de\/?page_id=11","title":{"rendered":"B\u00fcroreinigung"},"content":{"rendered":"\n<p><strong>Produktivit\u00e4t braucht ein sauberes Umfeld<\/strong><\/p>\n\n\n\n<p>Ein <strong>sauber<\/strong>er Arbeitsplatz ist die Visitenkarte Ihres Unternehmens und die Basis f\u00fcr gesunde, motivierte Mitarbeiter. Staubige Monitore oder klebrige Schreibtische haben bei uns keine Chance. Unsere <strong>B\u00fcroreinigung<\/strong> geht \u00fcber das blo\u00dfe Leeren von Papierk\u00f6rben hinaus. Wir bringen <strong>Glanz<\/strong> in Ihre Konferenzr\u00e4ume, Einzelb\u00fcros und Coworking-Spaces.<\/p>\n\n\n\n<p>Hygiene am Arbeitsplatz reduziert den Krankenstand und steigert das Wohlbefinden. Wir reinigen Tastaturen, Telefone und Arbeitsfl\u00e4chen mit besonderer Sorgfalt und achten darauf, dass auch die Kaffeek\u00fcche und die Pausenbereiche stets einladend wirken. Machen Sie Ihr B\u00fcro zum <strong>Stern<\/strong> Ihrer Branche \u2013 ein Ort, an dem Kunden gerne empfangen werden und Mitarbeiter \u00fcber sich hinauswachsen.<\/p>\n\n\n\n<p><strong>Bildvorschlag:<\/strong> Ein heller Konferenzraum mit einem spiegelglatten Tisch, auf dem sich die moderne Deckenbeleuchtung spiegelt.<\/p>\n\n\n\n<p><strong>Leistungsumfang:<\/strong> Schreibtischreinigung, IT-Hygiene, Bodenpflege, Teek\u00fcchen-Service.<\/p>\n","protected":false},"excerpt":{"rendered":"<p>Produktivit\u00e4t braucht ein sauberes Umfeld Ein sauberer Arbeitsplatz ist die Visitenkarte Ihres Unternehmens und die Basis f\u00fcr gesunde, motivierte Mitarbeiter. Staubige Monitore oder klebrige Schreibtische haben bei uns keine Chance. Unsere B\u00fcroreinigung geht \u00fcber das blo\u00dfe Leeren von Papierk\u00f6rben hinaus. Wir bringen Glanz in Ihre Konferenzr\u00e4ume, Einzelb\u00fcros und Coworking-Spaces. Hygiene am Arbeitsplatz reduziert den Krankenstand und steigert das Wohlbefinden. Wir reinigen Tastaturen, Telefone und Arbeitsfl\u00e4chen mit besonderer Sorgfalt und achten darauf, dass auch die Kaffeek\u00fcche und die Pausenbereiche stets einladend wirken. Machen Sie Ihr B\u00fcro zum Stern Ihrer Branche \u2013 ein Ort, an dem Kunden gerne empfangen werden und Mitarbeiter \u00fcber sich hinauswachsen. Bildvorschlag: Ein heller Konferenzraum mit einem spiegelglatten Tisch, auf dem sich die moderne Deckenbeleuchtung spiegelt. Leistungsumfang: Schreibtischreinigung, IT-Hygiene, Bodenpflege, Teek\u00fcchen-Service.<\/p>\n","protected":false},"author":1,"featured_media":0,"parent":0,"menu_order":0,"comment_status":"closed","ping_status":"closed","template":"","meta":{"dsgo_overlay_header":false,"dsgo_overlay_header_text_color":"","dsgo_overlay_skip_top_bar":false,"_designsetgo_exclude_llms":false,"footnotes":""},"class_list":["post-11","page","type-page","status-publish","hentry"],"_links":{"self":[{"href":"https:\/\/sauberundstern.de\/index.php?rest_route=\/wp\/v2\/pages\/11","targetHints":{"allow":["GET"]}}],"collection":[{"href":"https:\/\/sauberundstern.de\/index.php?rest_route=\/wp\/v2\/pages"}],"about":[{"href":"https:\/\/sauberundstern.de\/index.php?rest_route=\/wp\/v2\/types\/page"}],"author":[{"embeddable":true,"href":"https:\/\/sauberundstern.de\/index.php?rest_route=\/wp\/v2\/users\/1"}],"replies":[{"embeddable":true,"href":"https:\/\/sauberundstern.de\/index.php?rest_route=%2Fwp%2Fv2%2Fcomments&post=11"}],"version-history":[{"count":3,"href":"https:\/\/sauberundstern.de\/index.php?rest_route=\/wp\/v2\/pages\/11\/revisions"}],"predecessor-version":[{"id":31,"href":"https:\/\/sauberundstern.de\/index.php?rest_route=\/wp\/v2\/pages\/11\/revisions\/31"}],"wp:attachment":[{"href":"https:\/\/sauberundstern.de\/index.php?rest_route=%2Fwp%2Fv2%2Fmedia&parent=11"}],"curies":[{"name":"wp","href":"https:\/\/api.w.org\/{rel}","templated":true}]}}